{"id":1523,"date":"2024-03-11T09:24:25","date_gmt":"2024-03-11T08:24:25","guid":{"rendered":"https:\/\/socksfor1.com\/country\/?page_id=1523"},"modified":"2025-09-20T15:25:37","modified_gmt":"2025-09-20T19:25:37","slug":"cookies","status":"publish","type":"page","link":"https:\/\/country.socksfor1.com\/en\/cookies\/","title":{"rendered":"Cookies"},"content":{"rendered":"\n<h2 class=\"wp-block-heading\">O z\u00e1sad\u00e1ch pou\u017e\u00edvania s\u00faborov cookie.<\/h2>\n\n\n\n<p>Tieto Z\u00e1sady pou\u017e\u00edvania s\u00faborov cookie vysvet\u013euj\u00fa, \u010do s\u00fa s\u00fabory cookie a ako ich pou\u017e\u00edvame. Mali by ste si pre\u010d\u00edta\u0165 tieto z\u00e1sady, aby ste pochopili, \u010do s\u00fa s\u00fabory cookie, ako ich pou\u017e\u00edvame, ak\u00e9 typy s\u00faborov cookie pou\u017e\u00edvame, t. \u010eal\u0161ie inform\u00e1cie o tom, ako pou\u017e\u00edvame, uchov\u00e1vame a uchov\u00e1vame va\u0161e osobn\u00e9 \u00fadaje v bezpe\u010d\u00ed, n\u00e1jdete v na\u0161ich Z\u00e1sad\u00e1ch ochrany osobn\u00fdch \u00fadajov.<\/p>\n\n\n\n<p>Svoj s\u00fahlas s vyhl\u00e1sen\u00edm o s\u00faboroch cookie na na\u0161ej webovej str\u00e1nke m\u00f4\u017eete kedyko\u013evek zmeni\u0165 alebo odvola\u0165.<\/p>\n\n\n\n<p>Viac o tom, kto sme, ako n\u00e1s m\u00f4\u017eete kontaktova\u0165 a ako sprac\u00favame osobn\u00e9 \u00fadaje, sa dozviete v na\u0161ich Z\u00e1sad\u00e1ch ochrany osobn\u00fdch \u00fadajov.<br>V\u00e1\u0161 s\u00fahlas sa vz\u0165ahuje na nasleduj\u00face dom\u00e9ny: <strong>[hostname_only]<\/strong><\/p>\n\n\n\n<p>[user_consent_state]<\/p>\n\n\n\n<h2 class=\"wp-block-heading\">\u010co s\u00fa cookies?<\/h2>\n\n\n\n<p>Cookies s\u00fa mal\u00e9 textov\u00e9 s\u00fabory, ktor\u00e9 sa pou\u017e\u00edvaj\u00fa na ukladanie mal\u00fdch k\u00faskov inform\u00e1ci\u00ed. S\u00fabory cookie sa ukladaj\u00fa vo va\u0161om zariaden\u00ed pri na\u010d\u00edtan\u00ed webovej str\u00e1nky vo va\u0161om prehliada\u010di. Tieto s\u00fabory cookie n\u00e1m pom\u00e1haj\u00fa pri spr\u00e1vnom fungovan\u00ed webovej lokality, zvy\u0161ovan\u00ed bezpe\u010dnosti webovej lokality, poskytovan\u00ed lep\u0161ej pou\u017e\u00edvate\u013eskej sk\u00fasenosti a porozumen\u00ed tomu, ako webov\u00e1 lokalita funguje, a analyzova\u0165, \u010do funguje a kde je potrebn\u00e9 zlep\u0161i\u0165.<\/p>\n\n\n\n<h2 class=\"wp-block-heading\">Ako pou\u017e\u00edvame cookies?<\/h2>\n\n\n\n<p>Ako v\u00e4\u010d\u0161ina online slu\u017eieb, aj na\u0161a webov\u00e1 str\u00e1nka pou\u017e\u00edva cookies prvej strany a cookies tret\u00edch str\u00e1n na mno\u017estvo \u00fa\u010delov. S\u00fabory cookie prvej strany s\u00fa v\u00e4\u010d\u0161inou potrebn\u00e9 na spr\u00e1vne fungovanie webovej str\u00e1nky a nezhroma\u017e\u010fuj\u00fa \u017eiadne va\u0161e osobn\u00e9 \u00fadaje.<\/p>\n\n\n\n<p>S\u00fabory cookie tret\u00edch str\u00e1n pou\u017e\u00edvan\u00e9 na na\u0161ich webov\u00fdch str\u00e1nkach sa pou\u017e\u00edvaj\u00fa najm\u00e4 na pochopenie toho, ako str\u00e1nka funguje, ako s na\u0161ou webovou str\u00e1nkou komunikujete, na zabezpe\u010denie na\u0161ich slu\u017eieb, poskytovanie rekl\u00e1m, ktor\u00e9 s\u00fa pre v\u00e1s relevantn\u00e9, a celkovo na poskytovanie lep\u0161\u00edch a vylep\u0161en\u00fdch pou\u017e\u00edvate\u013esk\u00fa sk\u00fasenos\u0165 a pom\u00f4\u017eu ur\u00fdchli\u0165 va\u0161e bud\u00face interakcie s na\u0161ou webovou str\u00e1nkou.<\/p>\n\n\n\n<h2 class=\"wp-block-heading\">Ak\u00e9 typy cookies pou\u017e\u00edvame?<\/h2>\n\n\n\n<p>S\u00fabory cookie pou\u017e\u00edvan\u00e9 na na\u0161ej webovej str\u00e1nke s\u00fa zoskupen\u00e9 do nasleduj\u00facich kateg\u00f3ri\u00ed.<\/p>\n\n\n\n<p>[cookie_category]<\/p>\n\n\n\n<p>Ni\u017e\u0161ie uveden\u00fd zoznam podrobne popisuje s\u00fabory cookie pou\u017e\u00edvan\u00e9 na na\u0161ej webovej str\u00e1nke.<\/p>\n\n\n\n<p>[cookie_audit_category columns=&#8221;cookie,description&#8221;]<\/p>\n\n\n\n<h2 class=\"wp-block-heading\">Ako m\u00f4\u017eem ovl\u00e1da\u0165 preferencie s\u00faborov cookie?<\/h2>\n\n\n\n<p>Predvo\u013eby s\u00faborov cookie m\u00f4\u017eete spravova\u0165 kliknut\u00edm na tla\u010didlo \u201eNastavenia\u201c a povolen\u00edm alebo zak\u00e1zan\u00edm kateg\u00f3ri\u00ed s\u00faborov cookie vo vyskakovacom okne pod\u013ea va\u0161ich preferenci\u00ed.<br>Ak sa nesk\u00f4r rozhodnete zmeni\u0165 svoje preferencie po\u010das rel\u00e1cie prehliadania, m\u00f4\u017eete na svojej obrazovke klikn\u00fa\u0165 na kartu \u201eCookies\u201c. T\u00fdm sa znova zobraz\u00ed ozn\u00e1menie o s\u00fahlase, ktor\u00e9 v\u00e1m umo\u017en\u00ed zmeni\u0165 va\u0161e preferencie alebo \u00faplne odvola\u0165 v\u00e1\u0161 s\u00fahlas.<\/p>\n\n\n\n<p><span style=\"font-size: revert;\">Okrem toho r\u00f4zne prehliada\u010de poskytuj\u00fa r\u00f4zne sp\u00f4soby blokovania a odstra\u0148ovania s\u00faborov cookie pou\u017e\u00edvan\u00fdch webov\u00fdmi str\u00e1nkami. M\u00f4\u017eete zmeni\u0165 nastavenia svojho prehliada\u010da tak, aby blokoval\/vymaz\u00e1val cookies. Ak sa chcete dozvedie\u0165 viac o tom, ako spravova\u0165 a odstra\u0148ova\u0165 s\u00fabory cookie, nav\u0161t\u00edvte str\u00e1nky wikipedia.org, www.allaboutcookies.org.<\/span><\/p>\n\n\n<p>[webtoffee_powered_by]<\/p>\n","protected":false},"excerpt":{"rendered":"<p>O z\u00e1sad\u00e1ch pou\u017e\u00edvania s\u00faborov cookie. Tieto Z\u00e1sady pou\u017e\u00edvania s\u00faborov cookie vysvet\u013euj\u00fa, \u010do s\u00fa s\u00fabory cookie a ako ich pou\u017e\u00edvame. Mali by ste si pre\u010d\u00edta\u0165 tieto z\u00e1sady, aby ste pochopili, \u010do s\u00fa s\u00fabory cookie, ako ich pou\u017e\u00edvame, ak\u00e9 typy s\u00faborov cookie pou\u017e\u00edvame, t. \u010eal\u0161ie inform\u00e1cie o tom, ako pou\u017e\u00edvame, uchov\u00e1vame a uchov\u00e1vame va\u0161e osobn\u00e9 \u00fadaje v [&hellip;]<\/p>\n","protected":false},"author":3,"featured_media":0,"parent":0,"menu_order":0,"comment_status":"closed","ping_status":"closed","template":"","meta":{"_acf_changed":false,"footnotes":""},"class_list":["post-1523","page","type-page","status-publish","hentry"],"acf":[],"_links":{"self":[{"href":"https:\/\/country.socksfor1.com\/en\/wp-json\/wp\/v2\/pages\/1523","targetHints":{"allow":["GET"]}}],"collection":[{"href":"https:\/\/country.socksfor1.com\/en\/wp-json\/wp\/v2\/pages"}],"about":[{"href":"https:\/\/country.socksfor1.com\/en\/wp-json\/wp\/v2\/types\/page"}],"author":[{"embeddable":true,"href":"https:\/\/country.socksfor1.com\/en\/wp-json\/wp\/v2\/users\/3"}],"replies":[{"embeddable":true,"href":"https:\/\/country.socksfor1.com\/en\/wp-json\/wp\/v2\/comments?post=1523"}],"version-history":[{"count":5,"href":"https:\/\/country.socksfor1.com\/en\/wp-json\/wp\/v2\/pages\/1523\/revisions"}],"predecessor-version":[{"id":5863,"href":"https:\/\/country.socksfor1.com\/en\/wp-json\/wp\/v2\/pages\/1523\/revisions\/5863"}],"wp:attachment":[{"href":"https:\/\/country.socksfor1.com\/en\/wp-json\/wp\/v2\/media?parent=1523"}],"curies":[{"name":"wp","href":"https:\/\/api.w.org\/{rel}","templated":true}]}}