{"id":5867,"date":"2024-03-11T09:24:25","date_gmt":"2024-03-11T13:24:25","guid":{"rendered":"https:\/\/socksfor1.com\/country\/cookies\/"},"modified":"2025-09-20T16:18:55","modified_gmt":"2025-09-20T20:18:55","slug":"cookies","status":"publish","type":"page","link":"https:\/\/country.socksfor1.com\/es\/cookies\/","title":{"rendered":"Cookies"},"content":{"rendered":"\n<h2 class=\"wp-block-heading\">Sobre la pol\u00edtica de uso de cookies.<\/h2>\n\n<p>Esta Pol\u00edtica de cookies explica qu\u00e9 son las cookies y c\u00f3mo las usamos. Debes leer esta pol\u00edtica para comprender qu\u00e9 son las cookies, c\u00f3mo las utilizamos y qu\u00e9 tipos de cookies usamos, etc. Para m\u00e1s informaci\u00f3n sobre c\u00f3mo usamos, almacenamos y protegemos tus datos personales, consulta nuestra Pol\u00edtica de privacidad.  <\/p>\n\n<p>Puedes cambiar o retirar tu consentimiento respecto a la declaraci\u00f3n de cookies en nuestro sitio web en cualquier momento.<\/p>\n\n<p>M\u00e1s informaci\u00f3n sobre qui\u00e9nes somos, c\u00f3mo contactarnos y c\u00f3mo tratamos los datos personales se encuentra en nuestra Pol\u00edtica de privacidad.<br\/>Tu consentimiento se aplica a los siguientes dominios: <strong>[hostname_only]<\/strong><\/p>\n\n<p>[user_consent_state]<\/p>\n\n<h2 class=\"wp-block-heading\">\u00bfQu\u00e9 son las cookies?<\/h2>\n\n<p>Las cookies son peque\u00f1os archivos de texto que se utilizan para almacenar fragmentos de informaci\u00f3n. Se guardan en tu dispositivo cuando se carga un sitio web en tu navegador. Estas cookies nos ayudan a que el sitio web funcione correctamente, a mejorar su seguridad, a ofrecer una mejor experiencia de usuario y a entender c\u00f3mo funciona el sitio y d\u00f3nde necesita mejoras.  <\/p>\n\n<h2 class=\"wp-block-heading\">\u00bfC\u00f3mo usamos las cookies?<\/h2>\n\n<p>Como la mayor\u00eda de los servicios en l\u00ednea, nuestro sitio web utiliza cookies propias y de terceros para diversos fines. Las cookies propias son principalmente necesarias para que el sitio web funcione correctamente y no recopilan ning\u00fan dato personal. <\/p>\n\n<p>Las cookies de terceros utilizadas en nuestro sitio se emplean principalmente para comprender c\u00f3mo funciona el sitio, c\u00f3mo interact\u00faas con \u00e9l, para mantener nuestros servicios seguros, proporcionar anuncios relevantes y, en general, ofrecerte una mejor experiencia de usuario y acelerar tus futuras interacciones con nuestro sitio web.<\/p>\n\n<h2 class=\"wp-block-heading\">\u00bfQu\u00e9 tipos de cookies utilizamos?<\/h2>\n\n<p>Las cookies que utilizamos en nuestro sitio web se agrupan en las siguientes categor\u00edas.<\/p>\n\n<p>[cookie_category]<\/p>\n\n<p>La siguiente lista describe en detalle las cookies utilizadas en nuestro sitio web.<\/p>\n\n<p>[cookie_audit_category columns=\u00bbcookie,description\u00bb]<\/p>\n\n<h2 class=\"wp-block-heading\">\u00bfC\u00f3mo puedo gestionar mis preferencias de cookies?<\/h2>\n\n<p>Puedes gestionar tus preferencias de cookies haciendo clic en el bot\u00f3n \u201cConfiguraci\u00f3n\u201d y activando o desactivando las categor\u00edas de cookies seg\u00fan tus preferencias en la ventana emergente.<br\/>Si m\u00e1s adelante decides cambiar tus preferencias durante la navegaci\u00f3n, puedes hacer clic en la pesta\u00f1a \u201cCookies\u201d en tu pantalla. Esto volver\u00e1 a mostrar el aviso de consentimiento para que puedas modificar tus preferencias o retirar tu consentimiento por completo. <\/p>\n\n<p><span style=\"font-size: revert;\">Adem\u00e1s, los distintos navegadores ofrecen diferentes m\u00e9todos para bloquear y eliminar las cookies utilizadas por los sitios web. Puedes cambiar la configuraci\u00f3n de tu navegador para bloquear o eliminar cookies. Para obtener m\u00e1s informaci\u00f3n sobre c\u00f3mo gestionar y eliminar cookies, visita wikipedia.org o www.allaboutcookies.org.  <\/span><\/p>\n<p>[webtoffee_powered_by]<\/p>\n","protected":false},"excerpt":{"rendered":"<p>Sobre la pol\u00edtica de uso de cookies. Esta Pol\u00edtica de cookies explica qu\u00e9 son las cookies y c\u00f3mo las usamos. Debes leer esta pol\u00edtica para comprender qu\u00e9 son las cookies, c\u00f3mo las utilizamos y qu\u00e9 tipos de cookies usamos, etc. Para m\u00e1s informaci\u00f3n sobre c\u00f3mo usamos, almacenamos y protegemos tus datos personales, consulta nuestra Pol\u00edtica [&hellip;]<\/p>\n","protected":false},"author":3,"featured_media":0,"parent":0,"menu_order":0,"comment_status":"closed","ping_status":"closed","template":"","meta":{"_acf_changed":false,"footnotes":""},"class_list":["post-5867","page","type-page","status-publish","hentry"],"acf":[],"_links":{"self":[{"href":"https:\/\/country.socksfor1.com\/es\/wp-json\/wp\/v2\/pages\/5867","targetHints":{"allow":["GET"]}}],"collection":[{"href":"https:\/\/country.socksfor1.com\/es\/wp-json\/wp\/v2\/pages"}],"about":[{"href":"https:\/\/country.socksfor1.com\/es\/wp-json\/wp\/v2\/types\/page"}],"author":[{"embeddable":true,"href":"https:\/\/country.socksfor1.com\/es\/wp-json\/wp\/v2\/users\/3"}],"replies":[{"embeddable":true,"href":"https:\/\/country.socksfor1.com\/es\/wp-json\/wp\/v2\/comments?post=5867"}],"version-history":[{"count":3,"href":"https:\/\/country.socksfor1.com\/es\/wp-json\/wp\/v2\/pages\/5867\/revisions"}],"predecessor-version":[{"id":5870,"href":"https:\/\/country.socksfor1.com\/es\/wp-json\/wp\/v2\/pages\/5867\/revisions\/5870"}],"wp:attachment":[{"href":"https:\/\/country.socksfor1.com\/es\/wp-json\/wp\/v2\/media?parent=5867"}],"curies":[{"name":"wp","href":"https:\/\/api.w.org\/{rel}","templated":true}]}}