{"id":5871,"date":"2022-06-01T14:25:02","date_gmt":"2022-06-01T18:25:02","guid":{"rendered":"https:\/\/socksfor1.com\/country\/politica-de-privacidad\/"},"modified":"2025-09-20T16:26:39","modified_gmt":"2025-09-20T20:26:39","slug":"politica-de-privacidad","status":"publish","type":"page","link":"https:\/\/country.socksfor1.com\/es\/politica-de-privacidad\/","title":{"rendered":"Pol\u00edtica de privacidad"},"content":{"rendered":"<h2 class=\"wp-block-heading\">Qui\u00e9nes somos<\/h2><p><strong class=\"privacy-policy-tutorial\">Texto propuesto: <\/strong>La direcci\u00f3n de nuestro sitio web es: http:\/\/installer.wordpress.webgate.digital.<\/p><h2 class=\"wp-block-heading\">Comentarios<\/h2><p><strong class=\"privacy-policy-tutorial\">Texto propuesto: <\/strong>Cuando los visitantes dejan comentarios en el sitio, recopilamos los datos que se muestran en el formulario de comentarios, as\u00ed como la direcci\u00f3n IP del usuario y el agente de usuario del navegador, con el fin de proteger contra el spam.<\/p><p>Una cadena anonimizada creada a partir de tu direcci\u00f3n de correo electr\u00f3nico (tambi\u00e9n llamada hash) puede proporcionarse al servicio Gravatar para verificar si lo est\u00e1s utilizando. La pol\u00edtica de privacidad de Gravatar est\u00e1 disponible en: https:\/\/automattic.com\/privacy\/. Una vez aprobado tu comentario, tu foto de perfil ser\u00e1 visible p\u00fablicamente junto con el contenido del comentario. <\/p><h2 class=\"wp-block-heading\">Multimedia<\/h2><p><strong class=\"privacy-policy-tutorial\">Texto propuesto: <\/strong>Al subir im\u00e1genes al sitio web, deber\u00edas evitar subir im\u00e1genes que contengan datos EXIF de ubicaci\u00f3n GPS. Los visitantes del sitio pueden descargar y visualizar cualquier dato de ubicaci\u00f3n de las im\u00e1genes. <\/p><h2 class=\"wp-block-heading\">Cookies<\/h2><p><strong class=\"privacy-policy-tutorial\">Texto propuesto: <\/strong>Si dejas un comentario en nuestro sitio, puedes optar por guardar tu nombre, direcci\u00f3n de correo electr\u00f3nico y sitio web en cookies. Esto es para tu comodidad, para que no tengas que volver a rellenar tus datos cuando dejes otro comentario. Estas cookies tienen una duraci\u00f3n de un a\u00f1o.  <\/p><p>Si visitas nuestra p\u00e1gina de inicio de sesi\u00f3n, estableceremos cookies temporales para determinar si tu navegador acepta cookies. Estas cookies no contienen datos personales y se eliminan al cerrar el navegador. <\/p><p>Cuando inicias sesi\u00f3n, se configuran varias cookies para guardar tu informaci\u00f3n de inicio de sesi\u00f3n y tus preferencias de visualizaci\u00f3n. Las cookies de inicio de sesi\u00f3n duran dos d\u00edas y las de preferencias de visualizaci\u00f3n un a\u00f1o. Si seleccionas \u2018recordarme\u2019, tu inicio de sesi\u00f3n se mantendr\u00e1 durante dos semanas. Al cerrar sesi\u00f3n, las cookies se eliminan.    <\/p><p>Al editar o publicar un art\u00edculo, se almacenar\u00e1n cookies adicionales en tu navegador. Estas cookies no contienen datos personales y simplemente indican el ID del art\u00edculo que has editado. Las cookies caducan en 1 d\u00eda.  <\/p><h2 class=\"wp-block-heading\">Contenido incrustado de otros sitios web<\/h2><p><strong class=\"privacy-policy-tutorial\">Texto propuesto: <\/strong>Los art\u00edculos en este sitio web pueden incluir contenido incrustado (como v\u00eddeos, im\u00e1genes, art\u00edculos, etc.). El contenido incrustado de otros sitios se comporta como si el visitante hubiera visitado ese otro sitio web directamente.  <\/p><p>Estos sitios web pueden recopilar datos sobre ti, usar cookies, incorporar seguimiento de terceros y monitorear tu interacci\u00f3n con el contenido incrustado, incluyendo si tienes una cuenta y est\u00e1s conectado a ese sitio web. <\/p><h2 class=\"wp-block-heading\">Con qui\u00e9n compartimos tus datos<\/h2><p><strong class=\"privacy-policy-tutorial\">Texto propuesto: <\/strong>Si solicitas un restablecimiento de contrase\u00f1a, tu direcci\u00f3n IP se incluir\u00e1 en el correo electr\u00f3nico de restablecimiento.<\/p><h2 class=\"wp-block-heading\">Cu\u00e1nto tiempo conservamos tus datos<\/h2><p><strong class=\"privacy-policy-tutorial\">Texto propuesto: <\/strong>Cuando dejas un comentario, el comentario y sus metadatos se conservan indefinidamente. Esto es para que podamos reconocer y aprobar comentarios de seguimiento autom\u00e1ticamente en lugar de retenerlos para moderaci\u00f3n. <\/p><p>Para los usuarios que se registran en nuestro sitio web (si los hay), tambi\u00e9n almacenamos la informaci\u00f3n personal que proporcionan en su perfil de usuario. Todos los usuarios pueden ver, editar o eliminar su informaci\u00f3n personal en cualquier momento (excepto su nombre de usuario). Los administradores del sitio tambi\u00e9n pueden ver y editar esa informaci\u00f3n.  <\/p><h2 class=\"wp-block-heading\">Qu\u00e9 derechos tienes sobre tus datos<\/h2><p><strong class=\"privacy-policy-tutorial\">Texto propuesto: <\/strong>Si tienes una cuenta en este sitio o has dejado comentarios, puedes solicitar un archivo con los datos personales que tenemos sobre ti, incluyendo los que nos hayas proporcionado. Tambi\u00e9n puedes solicitar que eliminemos cualquier dato personal que tengamos sobre ti. Esto no incluye los datos que estamos obligados a conservar por motivos administrativos, legales o de seguridad.   <\/p><h2 class=\"wp-block-heading\">D\u00f3nde se env\u00edan tus datos<\/h2><p><strong class=\"privacy-policy-tutorial\">Texto propuesto: <\/strong>Los comentarios de los visitantes pueden ser revisados por un servicio automatizado de detecci\u00f3n de spam.<\/p>","protected":false},"excerpt":{"rendered":"<p>Qui\u00e9nes somos Texto propuesto: La direcci\u00f3n de nuestro sitio web es: http:\/\/installer.wordpress.webgate.digital. Comentarios Texto propuesto: Cuando los visitantes dejan comentarios en el sitio, recopilamos los datos que se muestran en el formulario de comentarios, as\u00ed como la direcci\u00f3n IP del usuario y el agente de usuario del navegador, con el fin de proteger contra el [&hellip;]<\/p>\n","protected":false},"author":3,"featured_media":0,"parent":0,"menu_order":0,"comment_status":"closed","ping_status":"closed","template":"","meta":{"_acf_changed":false,"footnotes":""},"class_list":["post-5871","page","type-page","status-publish","hentry"],"acf":[],"_links":{"self":[{"href":"https:\/\/country.socksfor1.com\/es\/wp-json\/wp\/v2\/pages\/5871","targetHints":{"allow":["GET"]}}],"collection":[{"href":"https:\/\/country.socksfor1.com\/es\/wp-json\/wp\/v2\/pages"}],"about":[{"href":"https:\/\/country.socksfor1.com\/es\/wp-json\/wp\/v2\/types\/page"}],"author":[{"embeddable":true,"href":"https:\/\/country.socksfor1.com\/es\/wp-json\/wp\/v2\/users\/3"}],"replies":[{"embeddable":true,"href":"https:\/\/country.socksfor1.com\/es\/wp-json\/wp\/v2\/comments?post=5871"}],"version-history":[{"count":1,"href":"https:\/\/country.socksfor1.com\/es\/wp-json\/wp\/v2\/pages\/5871\/revisions"}],"predecessor-version":[{"id":5872,"href":"https:\/\/country.socksfor1.com\/es\/wp-json\/wp\/v2\/pages\/5871\/revisions\/5872"}],"wp:attachment":[{"href":"https:\/\/country.socksfor1.com\/es\/wp-json\/wp\/v2\/media?parent=5871"}],"curies":[{"name":"wp","href":"https:\/\/api.w.org\/{rel}","templated":true}]}}