{"id":4568,"date":"2024-03-11T09:24:25","date_gmt":"2024-03-11T13:24:25","guid":{"rendered":"https:\/\/socksfor1.com\/country\/cookies\/"},"modified":"2025-09-20T11:57:29","modified_gmt":"2025-09-20T15:57:29","slug":"cookies","status":"publish","type":"page","link":"https:\/\/country.socksfor1.com\/pt-br\/cookies\/","title":{"rendered":"Cookies"},"content":{"rendered":"\n<h2 class=\"wp-block-heading\">Sobre a Pol\u00edtica de Uso de Cookies.<\/h2>\n\n<p>Esta Pol\u00edtica de Cookies explica o que s\u00e3o cookies e como os utilizamos. Voc\u00ea deve ler esta pol\u00edtica para entender o que s\u00e3o cookies, como os utilizamos e quais tipos de cookies usamos. Mais informa\u00e7\u00f5es sobre como usamos, armazenamos e mantemos seus dados pessoais em seguran\u00e7a podem ser encontradas em nossa Pol\u00edtica de Privacidade.<\/p>\n\n<p>Voc\u00ea pode alterar ou revogar seu consentimento para a declara\u00e7\u00e3o de cookies em nosso site a qualquer momento.<\/p>\n\n<p>Voc\u00ea pode saber mais sobre quem somos, como entrar em contato conosco e como tratamos dados pessoais em nossa Pol\u00edtica de Privacidade.<br \/>Seu consentimento se aplica aos seguintes dom\u00ednios: <strong>[hostname_only]<\/strong><\/p>\n\n<p>[user_consent_state]<\/p>\n\n<h2 class=\"wp-block-heading\">O que s\u00e3o cookies?<\/h2>\n\n<p>Cookies s\u00e3o pequenos arquivos de texto usados para armazenar pequenos fragmentos de informa\u00e7\u00e3o. Os cookies s\u00e3o armazenados no seu dispositivo quando o site \u00e9 carregado no seu navegador. Esses cookies nos ajudam a garantir o funcionamento adequado do site, aumentar sua seguran\u00e7a, oferecer uma melhor experi\u00eancia ao usu\u00e1rio, entender como o site est\u00e1 sendo utilizado e analisar o que est\u00e1 funcionando bem e o que precisa ser aprimorado.<\/p>\n\n<h2 class=\"wp-block-heading\">Como usamos os cookies?<\/h2>\n\n<p>Assim como a maioria dos servi\u00e7os online, nosso site utiliza cookies pr\u00f3prios e de terceiros para diversos fins. Os cookies pr\u00f3prios s\u00e3o, em geral, essenciais para o funcionamento adequado do site e n\u00e3o coletam nenhuma informa\u00e7\u00e3o pessoal sua.<\/p>\n\n<p>Os cookies de terceiros utilizados em nosso site s\u00e3o usados principalmente para entender como o site funciona, como voc\u00ea interage com ele, garantir nossos servi\u00e7os, exibir an\u00fancios relevantes para voc\u00ea e, de forma geral, oferecer uma experi\u00eancia de usu\u00e1rio melhor e mais aprimorada \u2014 al\u00e9m de ajudar a acelerar suas futuras intera\u00e7\u00f5es com nosso site.<\/p>\n\n<h2 class=\"wp-block-heading\">Quais tipos de cookies usamos?<\/h2>\n\n<p>Os cookies utilizados em nosso site s\u00e3o agrupados nas seguintes categorias.<\/p>\n\n<p>[cookie_category]<\/p>\n\n<p>A lista abaixo descreve em detalhes os cookies utilizados em nosso site.<\/p>\n\n<p>[cookie_audit_category columns=&#8221;cookie,description&#8221;]<\/p>\n\n<h2 class=\"wp-block-heading\">Como posso gerenciar minhas prefer\u00eancias de cookies?<\/h2>\n\n<p>Voc\u00ea pode gerenciar suas prefer\u00eancias de cookies clicando no bot\u00e3o \u201cConfigura\u00e7\u00f5es\u201d e ativando ou desativando as categorias de cookies na janela pop-up conforme suas prefer\u00eancias.<br \/>Se voc\u00ea decidir alterar suas prefer\u00eancias mais tarde, durante a navega\u00e7\u00e3o, poder\u00e1 clicar na aba \u201cCookies\u201d vis\u00edvel na sua tela. Isso far\u00e1 com que o aviso de consentimento seja exibido novamente, permitindo que voc\u00ea altere suas prefer\u00eancias ou revogue totalmente o seu consentimento.<\/p>\n\n<p>Al\u00e9m disso, diferentes navegadores oferecem maneiras distintas de bloquear e excluir os cookies utilizados pelos sites. Voc\u00ea pode alterar as configura\u00e7\u00f5es do seu navegador para bloquear ou excluir cookies. Para saber mais sobre como gerenciar e excluir cookies, visite os sites wikipedia.org e www.allaboutcookies.org.<\/p>\n<p>[webtoffee_powered_by]<\/p>\n","protected":false},"excerpt":{"rendered":"<p>Sobre a Pol\u00edtica de Uso de Cookies. Esta Pol\u00edtica de Cookies explica o que s\u00e3o cookies e como os utilizamos. Voc\u00ea deve ler esta pol\u00edtica para entender o que s\u00e3o cookies, como os utilizamos e quais tipos de cookies usamos. Mais informa\u00e7\u00f5es sobre como usamos, armazenamos e mantemos seus dados pessoais em seguran\u00e7a podem ser [&hellip;]<\/p>\n","protected":false},"author":3,"featured_media":0,"parent":0,"menu_order":0,"comment_status":"closed","ping_status":"closed","template":"","meta":{"_acf_changed":false,"footnotes":""},"class_list":["post-4568","page","type-page","status-publish","hentry"],"acf":[],"_links":{"self":[{"href":"https:\/\/country.socksfor1.com\/pt-br\/wp-json\/wp\/v2\/pages\/4568","targetHints":{"allow":["GET"]}}],"collection":[{"href":"https:\/\/country.socksfor1.com\/pt-br\/wp-json\/wp\/v2\/pages"}],"about":[{"href":"https:\/\/country.socksfor1.com\/pt-br\/wp-json\/wp\/v2\/types\/page"}],"author":[{"embeddable":true,"href":"https:\/\/country.socksfor1.com\/pt-br\/wp-json\/wp\/v2\/users\/3"}],"replies":[{"embeddable":true,"href":"https:\/\/country.socksfor1.com\/pt-br\/wp-json\/wp\/v2\/comments?post=4568"}],"version-history":[{"count":10,"href":"https:\/\/country.socksfor1.com\/pt-br\/wp-json\/wp\/v2\/pages\/4568\/revisions"}],"predecessor-version":[{"id":5856,"href":"https:\/\/country.socksfor1.com\/pt-br\/wp-json\/wp\/v2\/pages\/4568\/revisions\/5856"}],"wp:attachment":[{"href":"https:\/\/country.socksfor1.com\/pt-br\/wp-json\/wp\/v2\/media?parent=4568"}],"curies":[{"name":"wp","href":"https:\/\/api.w.org\/{rel}","templated":true}]}}