{"id":4570,"date":"2022-06-01T14:25:02","date_gmt":"2022-06-01T18:25:02","guid":{"rendered":"https:\/\/socksfor1.com\/country\/politica-de-privacidade\/"},"modified":"2025-07-22T19:43:42","modified_gmt":"2025-07-22T23:43:42","slug":"politica-de-privacidade","status":"publish","type":"page","link":"https:\/\/country.socksfor1.com\/pt-br\/politica-de-privacidade\/","title":{"rendered":"Pol\u00edtica de Privacidade"},"content":{"rendered":"<h2 class=\"wp-block-heading\">Quem somos<\/h2><p><strong class=\"privacy-policy-tutorial\">Texto sugerido: <\/strong>O endere\u00e7o do nosso site \u00e9: http:\/\/installer.wordpress.webgate.digital<\/p><h2 class=\"wp-block-heading\">Coment\u00e1rios<\/h2><p><strong class=\"privacy-policy-tutorial\">Texto sugerido: <\/strong>Quando os visitantes deixam coment\u00e1rios no site, coletamos os dados exibidos no formul\u00e1rio de coment\u00e1rios, al\u00e9m do endere\u00e7o IP e do user agent do navegador, para ajudar na detec\u00e7\u00e3o de spam.<\/p><p>Um hash anonimizado gerado a partir do seu endere\u00e7o de e-mail pode ser fornecido ao servi\u00e7o Gravatar para verificar se voc\u00ea o utiliza. A pol\u00edtica de privacidade do Gravatar est\u00e1 dispon\u00edvel em: https:\/\/automattic.com\/privacy\/.<br\/>Ap\u00f3s a aprova\u00e7\u00e3o do seu coment\u00e1rio, sua foto de perfil ficar\u00e1 vis\u00edvel publicamente junto ao seu coment\u00e1rio.<\/p><h2 class=\"wp-block-heading\">M\u00eddia<\/h2><p><strong class=\"privacy-policy-tutorial\">Texto sugerido: <\/strong>Ao enviar imagens para o site, evite incluir dados de localiza\u00e7\u00e3o (EXIF GPS) nas imagens. Visitantes do site podem baixar e extrair dados de localiza\u00e7\u00e3o a partir dessas imagens.<\/p><h2 class=\"wp-block-heading\">Cookies<\/h2><p><strong class=\"privacy-policy-tutorial\">Texto sugerido: <\/strong>Se voc\u00ea deixar um coment\u00e1rio no nosso site, poder\u00e1 optar por salvar seu nome, e-mail e site nos cookies. Isso \u00e9 para sua conveni\u00eancia, para que n\u00e3o precise preencher seus dados novamente ao fazer um novo coment\u00e1rio. Esses cookies permanecer\u00e3o ativos por um ano.<\/p><p>Se voc\u00ea visitar a p\u00e1gina de login, criaremos cookies tempor\u00e1rios para verificar se seu navegador aceita cookies. Esses cookies n\u00e3o cont\u00eam dados pessoais e s\u00e3o descartados quando voc\u00ea fecha o navegador.<\/p><p>Ao efetuar login, tamb\u00e9m configuraremos cookies para armazenar suas credenciais de acesso e prefer\u00eancias de exibi\u00e7\u00e3o. Cookies de login duram dois dias e os de exibi\u00e7\u00e3o de prefer\u00eancias duram um ano. Se voc\u00ea marcar &#8220;lembrar-me&#8221;, sua sess\u00e3o permanecer\u00e1 ativa por duas semanas. Ao sair da conta, os cookies de login s\u00e3o removidos. <\/p><p>Se voc\u00ea editar ou publicar um artigo, um cookie adicional ser\u00e1 salvo no seu navegador. Esse cookie n\u00e3o cont\u00e9m dados pessoais e apenas identifica o ID do artigo editado. Ele expira em 1 dia.<\/p><h2 class=\"wp-block-heading\">Conte\u00fado incorporado de outros sites<\/h2><p><strong class=\"privacy-policy-tutorial\">Texto sugerido: <\/strong>As postagens neste site podem incluir conte\u00fado incorporado (como v\u00eddeos, imagens, artigos etc.). O conte\u00fado incorporado de outros sites se comporta da mesma forma como se o visitante estivesse acessando diretamente o outro site. <\/p><p>Esses sites podem coletar dados sobre voc\u00ea, usar cookies, incorporar rastreamento de terceiros e monitorar sua intera\u00e7\u00e3o com o conte\u00fado incorporado \u2014 inclusive se voc\u00ea tiver uma conta e estiver logado nesse site. <\/p><h2 class=\"wp-block-heading\">Com quem compartilhamos seus dados<\/h2><p><strong class=\"privacy-policy-tutorial\">Texto sugerido: <\/strong>Se voc\u00ea solicitar a redefini\u00e7\u00e3o de senha, o seu endere\u00e7o IP ser\u00e1 inclu\u00eddo no e-mail de redefini\u00e7\u00e3o.<\/p><h2 class=\"wp-block-heading\">Por quanto tempo mantemos seus dados<\/h2><p><strong class=\"privacy-policy-tutorial\">Texto sugerido: <\/strong>Se voc\u00ea deixar um coment\u00e1rio, ele e seus metadados ser\u00e3o armazenados indefinidamente. Fazemos isso para que coment\u00e1rios futuros relacionados possam ser reconhecidos e aprovados automaticamente, sem reten\u00e7\u00e3o para modera\u00e7\u00e3o.<\/p><p>Para usu\u00e1rios registrados em nosso site (caso haja essa funcionalidade), tamb\u00e9m armazenamos as informa\u00e7\u00f5es pessoais fornecidas no perfil do usu\u00e1rio. Todos os usu\u00e1rios podem visualizar, editar ou excluir suas informa\u00e7\u00f5es pessoais a qualquer momento (exceto o nome de usu\u00e1rio, que n\u00e3o pode ser alterado). Administradores do site tamb\u00e9m podem acessar e modificar essas informa\u00e7\u00f5es.<\/p><h2 class=\"wp-block-heading\">Quais direitos voc\u00ea tem sobre seus dados<\/h2><p><strong class=\"privacy-policy-tutorial\">Texto sugerido: <\/strong>Se voc\u00ea tiver uma conta neste site ou deixou coment\u00e1rios, pode solicitar a exporta\u00e7\u00e3o dos dados pessoais que armazenamos sobre voc\u00ea, incluindo as informa\u00e7\u00f5es que nos forneceu. Voc\u00ea tamb\u00e9m pode solicitar a exclus\u00e3o dos seus dados pessoais. Isso n\u00e3o inclui dados que somos obrigados a manter por motivos administrativos, legais ou de seguran\u00e7a. <\/p><h2 class=\"wp-block-heading\">Para onde seus dados s\u00e3o enviados<\/h2><p><strong class=\"privacy-policy-tutorial\">Texto sugerido: <\/strong>Coment\u00e1rios de visitantes podem ser verificados por um servi\u00e7o automatizado de detec\u00e7\u00e3o de spam.<\/p>","protected":false},"excerpt":{"rendered":"<p>Quem somos Texto sugerido: O endere\u00e7o do nosso site \u00e9: http:\/\/installer.wordpress.webgate.digital Coment\u00e1rios Texto sugerido: Quando os visitantes deixam coment\u00e1rios no site, coletamos os dados exibidos no formul\u00e1rio de coment\u00e1rios, al\u00e9m do endere\u00e7o IP e do user agent do navegador, para ajudar na detec\u00e7\u00e3o de spam. Um hash anonimizado gerado a partir do seu endere\u00e7o de [&hellip;]<\/p>\n","protected":false},"author":3,"featured_media":0,"parent":0,"menu_order":0,"comment_status":"closed","ping_status":"closed","template":"","meta":{"_acf_changed":false,"footnotes":""},"class_list":["post-4570","page","type-page","status-publish","hentry"],"acf":[],"_links":{"self":[{"href":"https:\/\/country.socksfor1.com\/pt-br\/wp-json\/wp\/v2\/pages\/4570","targetHints":{"allow":["GET"]}}],"collection":[{"href":"https:\/\/country.socksfor1.com\/pt-br\/wp-json\/wp\/v2\/pages"}],"about":[{"href":"https:\/\/country.socksfor1.com\/pt-br\/wp-json\/wp\/v2\/types\/page"}],"author":[{"embeddable":true,"href":"https:\/\/country.socksfor1.com\/pt-br\/wp-json\/wp\/v2\/users\/3"}],"replies":[{"embeddable":true,"href":"https:\/\/country.socksfor1.com\/pt-br\/wp-json\/wp\/v2\/comments?post=4570"}],"version-history":[{"count":5,"href":"https:\/\/country.socksfor1.com\/pt-br\/wp-json\/wp\/v2\/pages\/4570\/revisions"}],"predecessor-version":[{"id":4580,"href":"https:\/\/country.socksfor1.com\/pt-br\/wp-json\/wp\/v2\/pages\/4570\/revisions\/4580"}],"wp:attachment":[{"href":"https:\/\/country.socksfor1.com\/pt-br\/wp-json\/wp\/v2\/media?parent=4570"}],"curies":[{"name":"wp","href":"https:\/\/api.w.org\/{rel}","templated":true}]}}